{"id":310,"date":"2025-06-22T01:34:43","date_gmt":"2025-06-22T01:34:43","guid":{"rendered":"https:\/\/clinicaesmeralda.com.mx\/?page_id=310"},"modified":"2025-06-25T18:16:11","modified_gmt":"2025-06-25T18:16:11","slug":"nosotros","status":"publish","type":"page","link":"https:\/\/clinicaesmeralda.com.mx\/index.php\/nosotros\/","title":{"rendered":"Nosotros"},"content":{"rendered":"\t\t<div data-elementor-type=\"wp-page\" data-elementor-id=\"310\" class=\"elementor elementor-310\" data-elementor-post-type=\"page\">\n\t\t\t\t<div class=\"elementor-element elementor-element-fd43553 e-flex e-con-boxed e-con e-parent\" data-id=\"fd43553\" data-element_type=\"container\" data-settings=\"{&quot;background_background&quot;:&quot;classic&quot;}\">\n\t\t\t\t\t<div class=\"e-con-inner\">\n\t\t<div class=\"elementor-element elementor-element-c626dbb e-con-full e-flex e-con e-child\" data-id=\"c626dbb\" data-element_type=\"container\">\n\t\t\t\t<div class=\"elementor-element elementor-element-b45e2f4 elementor-invisible elementor-widget elementor-widget-heading\" data-id=\"b45e2f4\" data-element_type=\"widget\" data-settings=\"{&quot;_animation&quot;:&quot;fadeInLeft&quot;,&quot;_animation_delay&quot;:100}\" data-widget_type=\"heading.default\">\n\t\t\t\t<div class=\"elementor-widget-container\">\n\t\t\t\t\t<h1 class=\"elementor-heading-title elementor-size-default\">Esmeralda Cl\u00ednica Sist\u00e9mica Familiar<\/h1>\t\t\t\t<\/div>\n\t\t\t\t<\/div>\n\t\t\t\t<\/div>\n\t\t<div class=\"elementor-element elementor-element-7458829 e-con-full elementor-hidden-mobile e-flex e-con e-child\" data-id=\"7458829\" data-element_type=\"container\">\n\t\t\t\t<\/div>\n\t\t\t\t\t<\/div>\n\t\t\t\t<\/div>\n\t\t<div class=\"elementor-element elementor-element-99a92ca e-flex e-con-boxed e-con e-parent\" data-id=\"99a92ca\" data-element_type=\"container\">\n\t\t\t\t\t<div class=\"e-con-inner\">\n\t\t<div class=\"elementor-element elementor-element-cddeaee e-con-full e-flex e-con e-child\" data-id=\"cddeaee\" data-element_type=\"container\">\n\t\t\t\t<div class=\"elementor-element elementor-element-762f624 elementor-widget elementor-widget-heading\" data-id=\"762f624\" data-element_type=\"widget\" data-widget_type=\"heading.default\">\n\t\t\t\t<div class=\"elementor-widget-container\">\n\t\t\t\t\t<h2 class=\"elementor-heading-title elementor-size-default\">\u00bfQui\u00e9nes Somos?\n<\/h2>\t\t\t\t<\/div>\n\t\t\t\t<\/div>\n\t\t\t\t<div class=\"elementor-element elementor-element-e9b48aa elementor-widget__width-initial elementor-widget elementor-widget-text-editor\" data-id=\"e9b48aa\" data-element_type=\"widget\" data-widget_type=\"text-editor.default\">\n\t\t\t\t<div class=\"elementor-widget-container\">\n\t\t\t\t\t\t\t\t\t<p><strong>Esmeralda Cl\u00ednica Sist\u00e9mica Familiar<\/strong>, estamos enfocados en promover la salud mental del paciente que as\u00ed lo demande, como de su entorno familiar, entendiendo que los trastornos mentales pueden tener un impacto significativo en las familias, generando tensiones y desaf\u00edos adicionales.<\/p><p>Por ejemplo, la p\u00e9rdida de un ser querido debido a un trastorno de salud mental puede desencadenar un profundo dolor y afectar la din\u00e1mica familiar. Los problemas de pareja asociados a la depresi\u00f3n o la ansiedad pueden llevar a situaciones de divorcio y separaci\u00f3n, impactando tanto a los adultos como a los hijos involucrados.<\/p><p>Adem\u00e1s, la adolescencia puede ser una etapa dif\u00edcil para algunos j\u00f3venes, especialmente si se enfrentan a trastornos mentales como la depresi\u00f3n, la ansiedad, o los trastornos de conducta.<\/p>\t\t\t\t\t\t\t\t<\/div>\n\t\t\t\t<\/div>\n\t\t\t\t<div class=\"elementor-element elementor-element-bf6ce24 elementor-invisible elementor-widget elementor-widget-button\" data-id=\"bf6ce24\" data-element_type=\"widget\" data-settings=\"{&quot;_animation&quot;:&quot;fadeInLeft&quot;,&quot;_animation_delay&quot;:200}\" data-widget_type=\"button.default\">\n\t\t\t\t<div class=\"elementor-widget-container\">\n\t\t\t\t\t\t\t\t\t<div class=\"elementor-button-wrapper\">\n\t\t\t\t\t<a class=\"elementor-button elementor-button-link elementor-size-sm\" href=\"https:\/\/web.whatsapp.com\/send?phone=525547588202&#038;text=Hola%20Cl%C3%ADnica%20Esmeralda%2C%20necesito%20de%20su%20apoyo.%20%C2%BFMe%20pueden%20contactar%20por%20favor%3F\" target=\"_blank\">\n\t\t\t\t\t\t<span class=\"elementor-button-content-wrapper\">\n\t\t\t\t\t\t\t\t\t<span class=\"elementor-button-text\">Contactar<\/span>\n\t\t\t\t\t<\/span>\n\t\t\t\t\t<\/a>\n\t\t\t\t<\/div>\n\t\t\t\t\t\t\t\t<\/div>\n\t\t\t\t<\/div>\n\t\t\t\t<\/div>\n\t\t<div class=\"elementor-element elementor-element-796191b e-con-full e-flex elementor-invisible e-con e-child\" data-id=\"796191b\" data-element_type=\"container\" data-settings=\"{&quot;background_background&quot;:&quot;classic&quot;,&quot;animation&quot;:&quot;fadeInRight&quot;}\">\n\t\t\t\t<\/div>\n\t\t\t\t\t<\/div>\n\t\t\t\t<\/div>\n\t\t<div class=\"elementor-element elementor-element-1e9a782 e-flex e-con-boxed e-con e-parent\" data-id=\"1e9a782\" data-element_type=\"container\" data-settings=\"{&quot;background_background&quot;:&quot;classic&quot;}\">\n\t\t\t\t\t<div class=\"e-con-inner\">\n\t\t\t\t<div class=\"elementor-element elementor-element-f330f18 elementor-widget__width-initial elementor-invisible elementor-widget elementor-widget-heading\" data-id=\"f330f18\" data-element_type=\"widget\" data-settings=\"{&quot;_animation&quot;:&quot;fadeInDown&quot;}\" data-widget_type=\"heading.default\">\n\t\t\t\t<div class=\"elementor-widget-container\">\n\t\t\t\t\t<h2 class=\"elementor-heading-title elementor-size-default\">\u00bfPor Qu\u00e9 la Terapia Familiar?\n<\/h2>\t\t\t\t<\/div>\n\t\t\t\t<\/div>\n\t\t\t\t<div class=\"elementor-element elementor-element-cf12a35 elementor-widget__width-initial elementor-widget elementor-widget-text-editor\" data-id=\"cf12a35\" data-element_type=\"widget\" data-widget_type=\"text-editor.default\">\n\t\t\t\t<div class=\"elementor-widget-container\">\n\t\t\t\t\t\t\t\t\t<p>Tomando en cuenta lo antes mencionado, logramos entender que la terapia familiar se vuelve crucial, ya que ayuda a abordar los desaf\u00edos espec\u00edficos que enfrenta cada familia, promoviendo la recuperaci\u00f3n y el bienestar de todos sus miembros.<\/p><p data-start=\"1374\" data-end=\"1569\"><strong data-start=\"1374\" data-end=\"1569\">Si te encuentras en una situaci\u00f3n similar, no dudes en buscar apoyo a trav\u00e9s de la terapia familiar para superar estos obst\u00e1culos y fortalecer los lazos emocionales que los unen como familia.<\/strong><\/p>\t\t\t\t\t\t\t\t<\/div>\n\t\t\t\t<\/div>\n\t\t\t\t\t<\/div>\n\t\t\t\t<\/div>\n\t\t<div class=\"elementor-element elementor-element-a970212 e-flex e-con-boxed e-con e-parent\" data-id=\"a970212\" data-element_type=\"container\">\n\t\t\t\t\t<div class=\"e-con-inner\">\n\t\t<div class=\"elementor-element elementor-element-46d143f e-con-full e-flex e-con e-child\" data-id=\"46d143f\" data-element_type=\"container\">\n\t\t\t\t<div class=\"elementor-element elementor-element-81497de elementor-widget__width-initial elementor-widget elementor-widget-heading\" data-id=\"81497de\" data-element_type=\"widget\" data-widget_type=\"heading.default\">\n\t\t\t\t<div class=\"elementor-widget-container\">\n\t\t\t\t\t<h2 class=\"elementor-heading-title elementor-size-default\">\u00bfQu\u00e9 Tratamos en Esmeralda?<\/h2>\t\t\t\t<\/div>\n\t\t\t\t<\/div>\n\t\t\t\t<div class=\"elementor-element elementor-element-393127b elementor-widget__width-initial elementor-widget elementor-widget-text-editor\" data-id=\"393127b\" data-element_type=\"widget\" data-widget_type=\"text-editor.default\">\n\t\t\t\t<div class=\"elementor-widget-container\">\n\t\t\t\t\t\t\t\t\t<p data-start=\"1608\" data-end=\"1964\">En <strong data-start=\"1611\" data-end=\"1651\">Esmeralda Cl\u00ednica Sist\u00e9mica Familiar<\/strong> tratamos diferentes problem\u00e1ticas presentadas en pacientes de cualquier edad, puesto que toda persona puede llegar a tener dificultades a lo largo de su vida, por factores de diversa \u00edndole que provocan inestabilidad emocional, afectando a su situaci\u00f3n personal, familiar, relaci\u00f3n de pareja y entorno laboral.<\/p><p data-start=\"1966\" data-end=\"2174\">Por ello, nos basamos en un enfoque <strong data-start=\"2002\" data-end=\"2024\">sist\u00e9mico familiar<\/strong>, que nos proporciona tratamiento psicol\u00f3gico eficaz, r\u00e1pido y avalado por estudios cient\u00edficos, siendo un tipo de intervenci\u00f3n con <strong data-start=\"2156\" data-end=\"2173\">terapia breve<\/strong>.<\/p>\t\t\t\t\t\t\t\t<\/div>\n\t\t\t\t<\/div>\n\t\t\t\t<\/div>\n\t\t<div class=\"elementor-element elementor-element-1ca275e e-con-full e-flex e-con e-child\" data-id=\"1ca275e\" data-element_type=\"container\">\n\t\t\t\t<div class=\"elementor-element elementor-element-d454f39 elementor-cta--layout-image-left elementor-cta--mobile-layout-image-above elementor-cta--skin-classic elementor-animated-content elementor-bg-transform elementor-bg-transform-zoom-in elementor-invisible elementor-widget elementor-widget-call-to-action\" data-id=\"d454f39\" data-element_type=\"widget\" data-settings=\"{&quot;_animation&quot;:&quot;zoomIn&quot;,&quot;_animation_delay&quot;:100}\" data-widget_type=\"call-to-action.default\">\n\t\t\t\t<div class=\"elementor-widget-container\">\n\t\t\t\t\t\t\t<div class=\"elementor-cta\">\n\t\t\t\t\t<div class=\"elementor-cta__bg-wrapper\">\n\t\t\t\t<div class=\"elementor-cta__bg elementor-bg\" style=\"background-image: url(https:\/\/clinicaesmeralda.com.mx\/wp-content\/uploads\/2025\/06\/mejora-tu-bienestar-en-clinica-esmeralda-1024x683.webp);\" role=\"img\" aria-label=\"mejora tu bienestar en clinica esmeralda\"><\/div>\n\t\t\t\t<div class=\"elementor-cta__bg-overlay\"><\/div>\n\t\t\t<\/div>\n\t\t\t\t\t\t\t<div class=\"elementor-cta__content\">\n\t\t\t\t\n\t\t\t\t\t\t\t\t\t<h2 class=\"elementor-cta__title elementor-cta__content-item elementor-content-item\">\n\t\t\t\t\t\tTerapia para Adultos\t\t\t\t\t<\/h2>\n\t\t\t\t\n\t\t\t\t\t\t\t\t\t<div class=\"elementor-cta__description elementor-cta__content-item elementor-content-item\">\n\t\t\t\t\t\tA trav\u00e9s de la terapia de adulto, proporcionamos ayuda psicol\u00f3gica individualizada para las personas que deseen llevar una vida m\u00e1s satisfactoria y saludable, con la idea de mejorar sus relaciones afectivas personales, con los hijos, la familia e incluso con los compa\u00f1eros de trabajo y amigos.\n\n\t\t\t\t\t<\/div>\n\t\t\t\t\n\t\t\t\t\t\t\t<\/div>\n\t\t\t\t\t\t<\/div>\n\t\t\t\t\t\t<\/div>\n\t\t\t\t<\/div>\n\t\t\t\t<\/div>\n\t\t\t\t\t<\/div>\n\t\t\t\t<\/div>\n\t\t<div class=\"elementor-element elementor-element-7ad7af0 e-flex e-con-boxed e-con e-parent\" data-id=\"7ad7af0\" data-element_type=\"container\" data-settings=\"{&quot;background_background&quot;:&quot;classic&quot;}\">\n\t\t\t\t\t<div class=\"e-con-inner\">\n\t\t<div class=\"elementor-element elementor-element-4308fb6 e-con-full e-flex e-con e-child\" data-id=\"4308fb6\" data-element_type=\"container\" data-settings=\"{&quot;background_background&quot;:&quot;classic&quot;}\">\n\t\t<div class=\"elementor-element elementor-element-b7a1c11 e-con-full e-flex e-con e-child\" data-id=\"b7a1c11\" data-element_type=\"container\">\n\t\t\t\t<div class=\"elementor-element elementor-element-b63b708 elementor-widget__width-initial elementor-widget elementor-widget-heading\" data-id=\"b63b708\" data-element_type=\"widget\" data-widget_type=\"heading.default\">\n\t\t\t\t<div class=\"elementor-widget-container\">\n\t\t\t\t\t<h2 class=\"elementor-heading-title elementor-size-default\">Nuestro Enfoque Terap\u00e9utico<\/h2>\t\t\t\t<\/div>\n\t\t\t\t<\/div>\n\t\t\t\t<\/div>\n\t\t<div class=\"elementor-element elementor-element-c581c34 e-con-full e-flex e-con e-child\" data-id=\"c581c34\" data-element_type=\"container\">\n\t\t\t\t<div class=\"elementor-element elementor-element-34d39cb elementor-widget__width-initial elementor-widget elementor-widget-text-editor\" data-id=\"34d39cb\" data-element_type=\"widget\" data-widget_type=\"text-editor.default\">\n\t\t\t\t<div class=\"elementor-widget-container\">\n\t\t\t\t\t\t\t\t\t<p data-start=\"2539\" data-end=\"2830\">El trabajo terap\u00e9utico que ofrecemos en <strong data-start=\"2579\" data-end=\"2619\">Esmeralda Cl\u00ednica Sist\u00e9mica Familiar<\/strong> va dirigido a personas que tengan intenci\u00f3n de sobrellevar y convivir con situaciones dif\u00edciles, enfermedades tanto f\u00edsicas como ps\u00edquicas, y que necesiten herramientas para afrontar diferentes problem\u00e1ticas.<\/p><p data-start=\"2832\" data-end=\"3056\">Siendo conscientes de que no podemos eliminar las situaciones que se acontecen, s\u00ed podemos controlar nuestra respuesta hacia ellas, con la idea de aceptarlas de forma natural y poder relacionarnos de la mejor manera posible.<\/p>\t\t\t\t\t\t\t\t<\/div>\n\t\t\t\t<\/div>\n\t\t\t\t<\/div>\n\t\t\t\t<\/div>\n\t\t\t\t\t<\/div>\n\t\t\t\t<\/div>\n\t\t<div class=\"elementor-element elementor-element-4df1178 e-flex e-con-boxed e-con e-parent\" data-id=\"4df1178\" data-element_type=\"container\" data-settings=\"{&quot;background_background&quot;:&quot;gradient&quot;}\">\n\t\t\t\t\t<div class=\"e-con-inner\">\n\t\t<div class=\"elementor-element elementor-element-8c42e72 e-con-full e-flex elementor-invisible e-con e-child\" data-id=\"8c42e72\" data-element_type=\"container\" data-settings=\"{&quot;animation&quot;:&quot;fadeInLeft&quot;}\">\n\t\t\t\t<div class=\"elementor-element elementor-element-73ea248 elementor-widget__width-initial elementor-widget elementor-widget-heading\" data-id=\"73ea248\" data-element_type=\"widget\" data-widget_type=\"heading.default\">\n\t\t\t\t<div class=\"elementor-widget-container\">\n\t\t\t\t\t<h2 class=\"elementor-heading-title elementor-size-default\">Nota Importante\n<\/h2>\t\t\t\t<\/div>\n\t\t\t\t<\/div>\n\t\t\t\t<\/div>\n\t\t<div class=\"elementor-element elementor-element-3b7689f e-con-full e-flex e-con e-child\" data-id=\"3b7689f\" data-element_type=\"container\">\n\t\t\t\t<div class=\"elementor-element elementor-element-b0c6b7e elementor-widget__width-initial elementor-widget elementor-widget-text-editor\" data-id=\"b0c6b7e\" data-element_type=\"widget\" data-widget_type=\"text-editor.default\">\n\t\t\t\t<div class=\"elementor-widget-container\">\n\t\t\t\t\t\t\t\t\t<p data-start=\"3083\" data-end=\"3391\">Atendemos de manera individual. Aunque parezca contradictorio, la <strong data-start=\"3149\" data-end=\"3214\">perspectiva sist\u00e9mica tambi\u00e9n se aplica al trabajo individual<\/strong>. En este caso, el terapeuta ayuda al individuo a comprender sus problemas en el contexto de sus sistemas relacionales y a modificar sus patrones de interacci\u00f3n con los dem\u00e1s.<\/p><p data-start=\"3393\" data-end=\"3529\">En muchas ocasiones, la familia no quiere asistir a consulta, pero los problemas de familia tambi\u00e9n pueden abordarse de modo individual.<\/p>\t\t\t\t\t\t\t\t<\/div>\n\t\t\t\t<\/div>\n\t\t\t\t<\/div>\n\t\t\t\t\t<\/div>\n\t\t\t\t<\/div>\n\t\t<div class=\"elementor-element elementor-element-542a771 e-flex e-con-boxed e-con e-parent\" data-id=\"542a771\" data-element_type=\"container\" data-settings=\"{&quot;background_background&quot;:&quot;classic&quot;}\">\n\t\t\t\t\t<div class=\"e-con-inner\">\n\t\t\t\t<div class=\"elementor-element elementor-element-7e1f807 elementor-widget__width-initial elementor-invisible elementor-widget elementor-widget-heading\" data-id=\"7e1f807\" data-element_type=\"widget\" data-settings=\"{&quot;_animation&quot;:&quot;fadeInDown&quot;}\" data-widget_type=\"heading.default\">\n\t\t\t\t<div class=\"elementor-widget-container\">\n\t\t\t\t\t<h2 class=\"elementor-heading-title elementor-size-default\">Especialistas en Adicciones y Codependencia Familiar<\/h2>\t\t\t\t<\/div>\n\t\t\t\t<\/div>\n\t\t\t\t<div class=\"elementor-element elementor-element-7a7aa96 elementor-widget__width-initial elementor-widget elementor-widget-text-editor\" data-id=\"7a7aa96\" data-element_type=\"widget\" data-widget_type=\"text-editor.default\">\n\t\t\t\t<div class=\"elementor-widget-container\">\n\t\t\t\t\t\t\t\t\t<p data-start=\"3593\" data-end=\"3727\"><strong data-start=\"3593\" data-end=\"3633\">Esmeralda Cl\u00ednica Sist\u00e9mica Familiar<\/strong>, somos especialistas en tratamiento de adicciones y codependencia en el caso de la familia.<\/p><p data-start=\"3729\" data-end=\"4193\">Somos una cl\u00ednica especializada, atendiendo de manera <strong data-start=\"3783\" data-end=\"3805\">interdisciplinaria<\/strong>. Brindamos tratamientos <strong data-start=\"3830\" data-end=\"3855\">ambulatorios eficaces<\/strong>, no residenciales o de internamiento, para personas que tienen problemas con las <strong data-start=\"3937\" data-end=\"3964\">sustancias psicoactivas<\/strong> (cualquier droga incluyendo alcohol), <strong data-start=\"4003\" data-end=\"4028\">adicciones de proceso<\/strong> tales como la <strong data-start=\"4043\" data-end=\"4056\">ludopat\u00eda<\/strong> (apuesta), <strong data-start=\"4068\" data-end=\"4109\">trastornos de la conducta alimentaria<\/strong> (bulimia y anorexia), y <strong data-start=\"4134\" data-end=\"4155\">patolog\u00edas duales<\/strong> (enfermedad psiqui\u00e1trica y adicci\u00f3n).<\/p>\t\t\t\t\t\t\t\t<\/div>\n\t\t\t\t<\/div>\n\t\t\t\t<div class=\"elementor-element elementor-element-45933a1 elementor-invisible elementor-widget elementor-widget-button\" data-id=\"45933a1\" data-element_type=\"widget\" data-settings=\"{&quot;_animation&quot;:&quot;fadeInLeft&quot;,&quot;_animation_delay&quot;:200}\" data-widget_type=\"button.default\">\n\t\t\t\t<div class=\"elementor-widget-container\">\n\t\t\t\t\t\t\t\t\t<div class=\"elementor-button-wrapper\">\n\t\t\t\t\t<a class=\"elementor-button elementor-button-link elementor-size-sm\" href=\"https:\/\/web.whatsapp.com\/send?phone=525547588202&#038;text=Hola%20Cl%C3%ADnica%20Esmeralda%2C%20necesito%20de%20su%20apoyo.%20%C2%BFMe%20pueden%20contactar%20por%20favor%3F\" target=\"_blank\">\n\t\t\t\t\t\t<span class=\"elementor-button-content-wrapper\">\n\t\t\t\t\t\t\t\t\t<span class=\"elementor-button-text\">Contactar<\/span>\n\t\t\t\t\t<\/span>\n\t\t\t\t\t<\/a>\n\t\t\t\t<\/div>\n\t\t\t\t\t\t\t\t<\/div>\n\t\t\t\t<\/div>\n\t\t\t\t\t<\/div>\n\t\t\t\t<\/div>\n\t\t\t\t<\/div>\n\t\t","protected":false},"excerpt":{"rendered":"<p>Esmeralda Cl\u00ednica Sist\u00e9mica Familiar \u00bfQui\u00e9nes Somos? Esmeralda Cl\u00ednica Sist\u00e9mica Familiar, estamos enfocados en promover la salud mental del paciente que as\u00ed lo demande, como de su entorno familiar, entendiendo que los trastornos mentales pueden tener un impacto significativo en las familias, generando tensiones y desaf\u00edos adicionales. Por ejemplo, la p\u00e9rdida de un ser querido debido [&hellip;]<\/p>\n","protected":false},"author":1,"featured_media":0,"parent":0,"menu_order":0,"comment_status":"closed","ping_status":"closed","template":"","meta":{"footnotes":""},"class_list":["post-310","page","type-page","status-publish","hentry"],"_links":{"self":[{"href":"https:\/\/clinicaesmeralda.com.mx\/index.php\/wp-json\/wp\/v2\/pages\/310","targetHints":{"allow":["GET"]}}],"collection":[{"href":"https:\/\/clinicaesmeralda.com.mx\/index.php\/wp-json\/wp\/v2\/pages"}],"about":[{"href":"https:\/\/clinicaesmeralda.com.mx\/index.php\/wp-json\/wp\/v2\/types\/page"}],"author":[{"embeddable":true,"href":"https:\/\/clinicaesmeralda.com.mx\/index.php\/wp-json\/wp\/v2\/users\/1"}],"replies":[{"embeddable":true,"href":"https:\/\/clinicaesmeralda.com.mx\/index.php\/wp-json\/wp\/v2\/comments?post=310"}],"version-history":[{"count":70,"href":"https:\/\/clinicaesmeralda.com.mx\/index.php\/wp-json\/wp\/v2\/pages\/310\/revisions"}],"predecessor-version":[{"id":439,"href":"https:\/\/clinicaesmeralda.com.mx\/index.php\/wp-json\/wp\/v2\/pages\/310\/revisions\/439"}],"wp:attachment":[{"href":"https:\/\/clinicaesmeralda.com.mx\/index.php\/wp-json\/wp\/v2\/media?parent=310"}],"curies":[{"name":"wp","href":"https:\/\/api.w.org\/{rel}","templated":true}]}}